{"id":356,"date":"2025-01-30T16:19:44","date_gmt":"2025-01-30T16:19:44","guid":{"rendered":"http:\/\/quimicoszootek.com\/?page_id=356"},"modified":"2025-07-23T12:43:23","modified_gmt":"2025-07-23T12:43:23","slug":"adzoo","status":"publish","type":"page","link":"https:\/\/quimicoszootek.com\/?page_id=356","title":{"rendered":"Adzoo"},"content":{"rendered":"\t\t<div data-elementor-type=\"wp-page\" data-elementor-id=\"356\" class=\"elementor elementor-356\">\n\t\t\t\t\t\t<section class=\"elementor-section elementor-top-section elementor-element elementor-element-bbe6f29 elementor-section-boxed elementor-section-height-default elementor-section-height-default\" data-id=\"bbe6f29\" data-element_type=\"section\" data-settings=\"{&quot;background_background&quot;:&quot;classic&quot;}\">\n\t\t\t\t\t\t\t<div class=\"elementor-background-overlay\"><\/div>\n\t\t\t\t\t\t\t<div class=\"elementor-container elementor-column-gap-default\">\n\t\t\t\t\t<div class=\"elementor-column elementor-col-100 elementor-top-column elementor-element elementor-element-767b40f\" data-id=\"767b40f\" data-element_type=\"column\">\n\t\t\t<div class=\"elementor-widget-wrap elementor-element-populated\">\n\t\t\t\t\t\t<div class=\"elementor-element elementor-element-14f48a5 elementor-widget elementor-widget-image\" data-id=\"14f48a5\" data-element_type=\"widget\" data-widget_type=\"image.default\">\n\t\t\t\t<div class=\"elementor-widget-container\">\n\t\t\t<style>\/*! elementor - v3.23.0 - 15-07-2024 *\/\n.elementor-widget-image{text-align:center}.elementor-widget-image a{display:inline-block}.elementor-widget-image a img[src$=\".svg\"]{width:48px}.elementor-widget-image img{vertical-align:middle;display:inline-block}<\/style>\t\t\t\t\t\t\t\t\t\t<img fetchpriority=\"high\" decoding=\"async\" width=\"800\" height=\"567\" src=\"https:\/\/quimicoszootek.com\/wp-content\/uploads\/2025\/07\/SAVE_20250722_085610-1-1024x726.png\" class=\"attachment-large size-large wp-image-906\" alt=\"\" srcset=\"https:\/\/quimicoszootek.com\/wp-content\/uploads\/2025\/07\/SAVE_20250722_085610-1-1024x726.png 1024w, https:\/\/quimicoszootek.com\/wp-content\/uploads\/2025\/07\/SAVE_20250722_085610-1-300x213.png 300w, https:\/\/quimicoszootek.com\/wp-content\/uploads\/2025\/07\/SAVE_20250722_085610-1-768x545.png 768w, https:\/\/quimicoszootek.com\/wp-content\/uploads\/2025\/07\/SAVE_20250722_085610-1-1536x1089.png 1536w, https:\/\/quimicoszootek.com\/wp-content\/uploads\/2025\/07\/SAVE_20250722_085610-1-2048x1452.png 2048w\" sizes=\"(max-width: 800px) 100vw, 800px\" \/>\t\t\t\t\t\t\t\t\t\t\t\t\t<\/div>\n\t\t\t\t<\/div>\n\t\t\t\t\t<\/div>\n\t\t<\/div>\n\t\t\t\t\t<\/div>\n\t\t<\/section>\n\t\t\t\t<section class=\"elementor-section elementor-top-section elementor-element elementor-element-1fb47f9 elementor-section-boxed elementor-section-height-default elementor-section-height-default\" data-id=\"1fb47f9\" data-element_type=\"section\" data-settings=\"{&quot;background_background&quot;:&quot;classic&quot;}\">\n\t\t\t\t\t\t<div class=\"elementor-container elementor-column-gap-default\">\n\t\t\t\t\t<div class=\"elementor-column elementor-col-100 elementor-top-column elementor-element elementor-element-1f17f2f\" data-id=\"1f17f2f\" data-element_type=\"column\">\n\t\t\t<div class=\"elementor-widget-wrap elementor-element-populated\">\n\t\t\t\t\t\t<div class=\"elementor-element elementor-element-d5ac5da elementor-widget elementor-widget-heading\" data-id=\"d5ac5da\" data-element_type=\"widget\" data-widget_type=\"heading.default\">\n\t\t\t\t<div class=\"elementor-widget-container\">\n\t\t\t<style>\/*! elementor - v3.23.0 - 15-07-2024 *\/\n.elementor-heading-title{padding:0;margin:0;line-height:1}.elementor-widget-heading .elementor-heading-title[class*=elementor-size-]>a{color:inherit;font-size:inherit;line-height:inherit}.elementor-widget-heading .elementor-heading-title.elementor-size-small{font-size:15px}.elementor-widget-heading .elementor-heading-title.elementor-size-medium{font-size:19px}.elementor-widget-heading .elementor-heading-title.elementor-size-large{font-size:29px}.elementor-widget-heading .elementor-heading-title.elementor-size-xl{font-size:39px}.elementor-widget-heading .elementor-heading-title.elementor-size-xxl{font-size:59px}<\/style><h2 class=\"elementor-heading-title elementor-size-default\">MISI\u00d3N<\/h2>\t\t<\/div>\n\t\t\t\t<\/div>\n\t\t\t\t<div class=\"elementor-element elementor-element-6260015 elementor-widget-divider--view-line elementor-widget elementor-widget-divider\" data-id=\"6260015\" data-element_type=\"widget\" data-widget_type=\"divider.default\">\n\t\t\t\t<div class=\"elementor-widget-container\">\n\t\t\t<style>\/*! elementor - v3.23.0 - 15-07-2024 *\/\n.elementor-widget-divider{--divider-border-style:none;--divider-border-width:1px;--divider-color:#0c0d0e;--divider-icon-size:20px;--divider-element-spacing:10px;--divider-pattern-height:24px;--divider-pattern-size:20px;--divider-pattern-url:none;--divider-pattern-repeat:repeat-x}.elementor-widget-divider .elementor-divider{display:flex}.elementor-widget-divider .elementor-divider__text{font-size:15px;line-height:1;max-width:95%}.elementor-widget-divider .elementor-divider__element{margin:0 var(--divider-element-spacing);flex-shrink:0}.elementor-widget-divider .elementor-icon{font-size:var(--divider-icon-size)}.elementor-widget-divider .elementor-divider-separator{display:flex;margin:0;direction:ltr}.elementor-widget-divider--view-line_icon .elementor-divider-separator,.elementor-widget-divider--view-line_text .elementor-divider-separator{align-items:center}.elementor-widget-divider--view-line_icon .elementor-divider-separator:after,.elementor-widget-divider--view-line_icon .elementor-divider-separator:before,.elementor-widget-divider--view-line_text .elementor-divider-separator:after,.elementor-widget-divider--view-line_text .elementor-divider-separator:before{display:block;content:\"\";border-block-end:0;flex-grow:1;border-block-start:var(--divider-border-width) var(--divider-border-style) var(--divider-color)}.elementor-widget-divider--element-align-left .elementor-divider .elementor-divider-separator>.elementor-divider__svg:first-of-type{flex-grow:0;flex-shrink:100}.elementor-widget-divider--element-align-left .elementor-divider-separator:before{content:none}.elementor-widget-divider--element-align-left .elementor-divider__element{margin-left:0}.elementor-widget-divider--element-align-right .elementor-divider .elementor-divider-separator>.elementor-divider__svg:last-of-type{flex-grow:0;flex-shrink:100}.elementor-widget-divider--element-align-right .elementor-divider-separator:after{content:none}.elementor-widget-divider--element-align-right .elementor-divider__element{margin-right:0}.elementor-widget-divider--element-align-start .elementor-divider .elementor-divider-separator>.elementor-divider__svg:first-of-type{flex-grow:0;flex-shrink:100}.elementor-widget-divider--element-align-start .elementor-divider-separator:before{content:none}.elementor-widget-divider--element-align-start .elementor-divider__element{margin-inline-start:0}.elementor-widget-divider--element-align-end .elementor-divider .elementor-divider-separator>.elementor-divider__svg:last-of-type{flex-grow:0;flex-shrink:100}.elementor-widget-divider--element-align-end .elementor-divider-separator:after{content:none}.elementor-widget-divider--element-align-end .elementor-divider__element{margin-inline-end:0}.elementor-widget-divider:not(.elementor-widget-divider--view-line_text):not(.elementor-widget-divider--view-line_icon) .elementor-divider-separator{border-block-start:var(--divider-border-width) var(--divider-border-style) var(--divider-color)}.elementor-widget-divider--separator-type-pattern{--divider-border-style:none}.elementor-widget-divider--separator-type-pattern.elementor-widget-divider--view-line .elementor-divider-separator,.elementor-widget-divider--separator-type-pattern:not(.elementor-widget-divider--view-line) .elementor-divider-separator:after,.elementor-widget-divider--separator-type-pattern:not(.elementor-widget-divider--view-line) .elementor-divider-separator:before,.elementor-widget-divider--separator-type-pattern:not([class*=elementor-widget-divider--view]) .elementor-divider-separator{width:100%;min-height:var(--divider-pattern-height);-webkit-mask-size:var(--divider-pattern-size) 100%;mask-size:var(--divider-pattern-size) 100%;-webkit-mask-repeat:var(--divider-pattern-repeat);mask-repeat:var(--divider-pattern-repeat);background-color:var(--divider-color);-webkit-mask-image:var(--divider-pattern-url);mask-image:var(--divider-pattern-url)}.elementor-widget-divider--no-spacing{--divider-pattern-size:auto}.elementor-widget-divider--bg-round{--divider-pattern-repeat:round}.rtl .elementor-widget-divider .elementor-divider__text{direction:rtl}.e-con-inner>.elementor-widget-divider,.e-con>.elementor-widget-divider{width:var(--container-widget-width,100%);--flex-grow:var(--container-widget-flex-grow)}<\/style>\t\t<div class=\"elementor-divider\">\n\t\t\t<span class=\"elementor-divider-separator\">\n\t\t\t\t\t\t<\/span>\n\t\t<\/div>\n\t\t\t\t<\/div>\n\t\t\t\t<\/div>\n\t\t\t\t<div class=\"elementor-element elementor-element-7cfbdd9 elementor-widget elementor-widget-text-editor\" data-id=\"7cfbdd9\" data-element_type=\"widget\" data-widget_type=\"text-editor.default\">\n\t\t\t\t<div class=\"elementor-widget-container\">\n\t\t\t<style>\/*! elementor - v3.23.0 - 15-07-2024 *\/\n.elementor-widget-text-editor.elementor-drop-cap-view-stacked .elementor-drop-cap{background-color:#69727d;color:#fff}.elementor-widget-text-editor.elementor-drop-cap-view-framed .elementor-drop-cap{color:#69727d;border:3px solid;background-color:transparent}.elementor-widget-text-editor:not(.elementor-drop-cap-view-default) .elementor-drop-cap{margin-top:8px}.elementor-widget-text-editor:not(.elementor-drop-cap-view-default) .elementor-drop-cap-letter{width:1em;height:1em}.elementor-widget-text-editor .elementor-drop-cap{float:left;text-align:center;line-height:1;font-size:50px}.elementor-widget-text-editor .elementor-drop-cap-letter{display:inline-block}<\/style>\t\t\t\t<p>Comercializar y brindar Soporte T\u00e9cnico al buen uso de sus Antibi\u00f3ticos, Lipotropicos, Polivitam\u00ednicos, Desparasitantes, Antioxidantes, Antidiarreicos, entre otros. Presentando al Sector Ganadero, Av\u00edcola y Mascotas medicamentos confiables con efectividad terap\u00e9utica de bajo costo, con servicio post venta y muy bien mercadeados.<\/p>\t\t\t\t\t\t<\/div>\n\t\t\t\t<\/div>\n\t\t\t\t\t<\/div>\n\t\t<\/div>\n\t\t\t\t\t<\/div>\n\t\t<\/section>\n\t\t\t\t<section class=\"elementor-section elementor-top-section elementor-element elementor-element-22b22c1 elementor-section-boxed elementor-section-height-default elementor-section-height-default\" data-id=\"22b22c1\" data-element_type=\"section\" data-settings=\"{&quot;background_background&quot;:&quot;classic&quot;}\">\n\t\t\t\t\t\t<div class=\"elementor-container elementor-column-gap-default\">\n\t\t\t\t\t<div class=\"elementor-column elementor-col-100 elementor-top-column elementor-element elementor-element-9de301d\" data-id=\"9de301d\" data-element_type=\"column\">\n\t\t\t<div class=\"elementor-widget-wrap elementor-element-populated\">\n\t\t\t\t\t\t<div class=\"elementor-element elementor-element-806bb27 elementor-widget-divider--view-line elementor-widget elementor-widget-divider\" data-id=\"806bb27\" data-element_type=\"widget\" data-widget_type=\"divider.default\">\n\t\t\t\t<div class=\"elementor-widget-container\">\n\t\t\t\t\t<div class=\"elementor-divider\">\n\t\t\t<span class=\"elementor-divider-separator\">\n\t\t\t\t\t\t<\/span>\n\t\t<\/div>\n\t\t\t\t<\/div>\n\t\t\t\t<\/div>\n\t\t\t\t<div class=\"elementor-element elementor-element-14c8521 elementor-widget elementor-widget-text-editor\" data-id=\"14c8521\" data-element_type=\"widget\" data-widget_type=\"text-editor.default\">\n\t\t\t\t<div class=\"elementor-widget-container\">\n\t\t\t\t\t\t\t<p>Comercializa Medicinas Veterinarias destinadas a proteger la Salud de los Animales Dom\u00e9sticos. Brinda Soporte T\u00e9cnico a Veterinarios y Comerciantes. Cuenta con presentaciones l\u00edquidas (Soluciones, Emulsiones, Shampoo), semi s\u00f3lidos (Pomadas, Ung\u00fcentos) polvos e inyectables.<\/p><p>\u00a0<\/p><p>Adscrita a la Divisi\u00f3n Comercial de Zootek, C. A. apalancando su gesti\u00f3n a toda la cadena de comercializaci\u00f3n en conjunto con Farmaceutas y Asesores T\u00e9cnicos.<\/p>\t\t\t\t\t\t<\/div>\n\t\t\t\t<\/div>\n\t\t\t\t<div class=\"elementor-element elementor-element-1b4cc11 elementor-widget-divider--view-line elementor-widget elementor-widget-divider\" data-id=\"1b4cc11\" data-element_type=\"widget\" data-widget_type=\"divider.default\">\n\t\t\t\t<div class=\"elementor-widget-container\">\n\t\t\t\t\t<div class=\"elementor-divider\">\n\t\t\t<span class=\"elementor-divider-separator\">\n\t\t\t\t\t\t<\/span>\n\t\t<\/div>\n\t\t\t\t<\/div>\n\t\t\t\t<\/div>\n\t\t\t\t\t<\/div>\n\t\t<\/div>\n\t\t\t\t\t<\/div>\n\t\t<\/section>\n\t\t\t\t<\/div>\n\t\t","protected":false},"excerpt":{"rendered":"<p>MISI\u00d3N Comercializar y brindar Soporte T\u00e9cnico al buen uso de sus Antibi\u00f3ticos, Lipotropicos, Polivitam\u00ednicos, Desparasitantes, Antioxidantes, Antidiarreicos, entre otros. Presentando al Sector Ganadero, Av\u00edcola y Mascotas medicamentos confiables con efectividad terap\u00e9utica de bajo costo, con servicio post venta y muy bien mercadeados. Comercializa Medicinas Veterinarias destinadas a proteger la Salud de los Animales Dom\u00e9sticos. Brinda [&hellip;]<\/p>\n","protected":false},"author":1,"featured_media":0,"parent":0,"menu_order":0,"comment_status":"closed","ping_status":"closed","template":"elementor_header_footer","meta":{"footnotes":""},"class_list":["post-356","page","type-page","status-publish","hentry"],"yoast_head":"<!-- This site is optimized with the Yoast SEO plugin v25.0 - https:\/\/yoast.com\/wordpress\/plugins\/seo\/ -->\n<title>Adzoo - Zootek<\/title>\n<meta name=\"robots\" content=\"index, follow, max-snippet:-1, max-image-preview:large, max-video-preview:-1\" \/>\n<link rel=\"canonical\" href=\"https:\/\/quimicoszootek.com\/?page_id=356\" \/>\n<meta property=\"og:locale\" content=\"en_US\" \/>\n<meta property=\"og:type\" content=\"article\" \/>\n<meta property=\"og:title\" content=\"Adzoo - Zootek\" \/>\n<meta property=\"og:description\" content=\"MISI\u00d3N Comercializar y brindar Soporte T\u00e9cnico al buen uso de sus Antibi\u00f3ticos, Lipotropicos, Polivitam\u00ednicos, Desparasitantes, Antioxidantes, Antidiarreicos, entre otros. Presentando al Sector Ganadero, Av\u00edcola y Mascotas medicamentos confiables con efectividad terap\u00e9utica de bajo costo, con servicio post venta y muy bien mercadeados. Comercializa Medicinas Veterinarias destinadas a proteger la Salud de los Animales Dom\u00e9sticos. Brinda [&hellip;]\" \/>\n<meta property=\"og:url\" content=\"https:\/\/quimicoszootek.com\/?page_id=356\" \/>\n<meta property=\"og:site_name\" content=\"Zootek\" \/>\n<meta property=\"article:modified_time\" content=\"2025-07-23T12:43:23+00:00\" \/>\n<meta property=\"og:image\" content=\"http:\/\/quimicoszootek.com\/wp-content\/uploads\/2025\/07\/SAVE_20250722_085610-1-1024x726.png\" \/>\n<meta name=\"twitter:card\" content=\"summary_large_image\" \/>\n<meta name=\"twitter:label1\" content=\"Est. reading time\" \/>\n\t<meta name=\"twitter:data1\" content=\"1 minute\" \/>\n<script type=\"application\/ld+json\" class=\"yoast-schema-graph\">{\"@context\":\"https:\/\/schema.org\",\"@graph\":[{\"@type\":\"WebPage\",\"@id\":\"https:\/\/quimicoszootek.com\/?page_id=356\",\"url\":\"https:\/\/quimicoszootek.com\/?page_id=356\",\"name\":\"Adzoo - Zootek\",\"isPartOf\":{\"@id\":\"https:\/\/quimicoszootek.com\/#website\"},\"primaryImageOfPage\":{\"@id\":\"https:\/\/quimicoszootek.com\/?page_id=356#primaryimage\"},\"image\":{\"@id\":\"https:\/\/quimicoszootek.com\/?page_id=356#primaryimage\"},\"thumbnailUrl\":\"http:\/\/quimicoszootek.com\/wp-content\/uploads\/2025\/07\/SAVE_20250722_085610-1-1024x726.png\",\"datePublished\":\"2025-01-30T16:19:44+00:00\",\"dateModified\":\"2025-07-23T12:43:23+00:00\",\"breadcrumb\":{\"@id\":\"https:\/\/quimicoszootek.com\/?page_id=356#breadcrumb\"},\"inLanguage\":\"en-US\",\"potentialAction\":[{\"@type\":\"ReadAction\",\"target\":[\"https:\/\/quimicoszootek.com\/?page_id=356\"]}]},{\"@type\":\"ImageObject\",\"inLanguage\":\"en-US\",\"@id\":\"https:\/\/quimicoszootek.com\/?page_id=356#primaryimage\",\"url\":\"https:\/\/quimicoszootek.com\/wp-content\/uploads\/2025\/07\/SAVE_20250722_085610-1.png\",\"contentUrl\":\"https:\/\/quimicoszootek.com\/wp-content\/uploads\/2025\/07\/SAVE_20250722_085610-1.png\",\"width\":2550,\"height\":1808},{\"@type\":\"BreadcrumbList\",\"@id\":\"https:\/\/quimicoszootek.com\/?page_id=356#breadcrumb\",\"itemListElement\":[{\"@type\":\"ListItem\",\"position\":1,\"name\":\"Home\",\"item\":\"https:\/\/quimicoszootek.com\/\"},{\"@type\":\"ListItem\",\"position\":2,\"name\":\"Adzoo\"}]},{\"@type\":\"WebSite\",\"@id\":\"https:\/\/quimicoszootek.com\/#website\",\"url\":\"https:\/\/quimicoszootek.com\/\",\"name\":\"Zootek\",\"description\":\"Nutrici\u00f3n Animal\",\"publisher\":{\"@id\":\"https:\/\/quimicoszootek.com\/#organization\"},\"potentialAction\":[{\"@type\":\"SearchAction\",\"target\":{\"@type\":\"EntryPoint\",\"urlTemplate\":\"https:\/\/quimicoszootek.com\/?s={search_term_string}\"},\"query-input\":{\"@type\":\"PropertyValueSpecification\",\"valueRequired\":true,\"valueName\":\"search_term_string\"}}],\"inLanguage\":\"en-US\"},{\"@type\":\"Organization\",\"@id\":\"https:\/\/quimicoszootek.com\/#organization\",\"name\":\"Zootek\",\"url\":\"https:\/\/quimicoszootek.com\/\",\"logo\":{\"@type\":\"ImageObject\",\"inLanguage\":\"en-US\",\"@id\":\"https:\/\/quimicoszootek.com\/#\/schema\/logo\/image\/\",\"url\":\"https:\/\/quimicoszootek.com\/wp-content\/uploads\/2025\/01\/cropped-zootek-logo-blanco.png\",\"contentUrl\":\"https:\/\/quimicoszootek.com\/wp-content\/uploads\/2025\/01\/cropped-zootek-logo-blanco.png\",\"width\":3992,\"height\":1073,\"caption\":\"Zootek\"},\"image\":{\"@id\":\"https:\/\/quimicoszootek.com\/#\/schema\/logo\/image\/\"}}]}<\/script>\n<!-- \/ Yoast SEO plugin. -->","yoast_head_json":{"title":"Adzoo - Zootek","robots":{"index":"index","follow":"follow","max-snippet":"max-snippet:-1","max-image-preview":"max-image-preview:large","max-video-preview":"max-video-preview:-1"},"canonical":"https:\/\/quimicoszootek.com\/?page_id=356","og_locale":"en_US","og_type":"article","og_title":"Adzoo - Zootek","og_description":"MISI\u00d3N Comercializar y brindar Soporte T\u00e9cnico al buen uso de sus Antibi\u00f3ticos, Lipotropicos, Polivitam\u00ednicos, Desparasitantes, Antioxidantes, Antidiarreicos, entre otros. Presentando al Sector Ganadero, Av\u00edcola y Mascotas medicamentos confiables con efectividad terap\u00e9utica de bajo costo, con servicio post venta y muy bien mercadeados. Comercializa Medicinas Veterinarias destinadas a proteger la Salud de los Animales Dom\u00e9sticos. Brinda [&hellip;]","og_url":"https:\/\/quimicoszootek.com\/?page_id=356","og_site_name":"Zootek","article_modified_time":"2025-07-23T12:43:23+00:00","og_image":[{"url":"http:\/\/quimicoszootek.com\/wp-content\/uploads\/2025\/07\/SAVE_20250722_085610-1-1024x726.png","type":"","width":"","height":""}],"twitter_card":"summary_large_image","twitter_misc":{"Est. reading time":"1 minute"},"schema":{"@context":"https:\/\/schema.org","@graph":[{"@type":"WebPage","@id":"https:\/\/quimicoszootek.com\/?page_id=356","url":"https:\/\/quimicoszootek.com\/?page_id=356","name":"Adzoo - Zootek","isPartOf":{"@id":"https:\/\/quimicoszootek.com\/#website"},"primaryImageOfPage":{"@id":"https:\/\/quimicoszootek.com\/?page_id=356#primaryimage"},"image":{"@id":"https:\/\/quimicoszootek.com\/?page_id=356#primaryimage"},"thumbnailUrl":"http:\/\/quimicoszootek.com\/wp-content\/uploads\/2025\/07\/SAVE_20250722_085610-1-1024x726.png","datePublished":"2025-01-30T16:19:44+00:00","dateModified":"2025-07-23T12:43:23+00:00","breadcrumb":{"@id":"https:\/\/quimicoszootek.com\/?page_id=356#breadcrumb"},"inLanguage":"en-US","potentialAction":[{"@type":"ReadAction","target":["https:\/\/quimicoszootek.com\/?page_id=356"]}]},{"@type":"ImageObject","inLanguage":"en-US","@id":"https:\/\/quimicoszootek.com\/?page_id=356#primaryimage","url":"https:\/\/quimicoszootek.com\/wp-content\/uploads\/2025\/07\/SAVE_20250722_085610-1.png","contentUrl":"https:\/\/quimicoszootek.com\/wp-content\/uploads\/2025\/07\/SAVE_20250722_085610-1.png","width":2550,"height":1808},{"@type":"BreadcrumbList","@id":"https:\/\/quimicoszootek.com\/?page_id=356#breadcrumb","itemListElement":[{"@type":"ListItem","position":1,"name":"Home","item":"https:\/\/quimicoszootek.com\/"},{"@type":"ListItem","position":2,"name":"Adzoo"}]},{"@type":"WebSite","@id":"https:\/\/quimicoszootek.com\/#website","url":"https:\/\/quimicoszootek.com\/","name":"Zootek","description":"Nutrici\u00f3n Animal","publisher":{"@id":"https:\/\/quimicoszootek.com\/#organization"},"potentialAction":[{"@type":"SearchAction","target":{"@type":"EntryPoint","urlTemplate":"https:\/\/quimicoszootek.com\/?s={search_term_string}"},"query-input":{"@type":"PropertyValueSpecification","valueRequired":true,"valueName":"search_term_string"}}],"inLanguage":"en-US"},{"@type":"Organization","@id":"https:\/\/quimicoszootek.com\/#organization","name":"Zootek","url":"https:\/\/quimicoszootek.com\/","logo":{"@type":"ImageObject","inLanguage":"en-US","@id":"https:\/\/quimicoszootek.com\/#\/schema\/logo\/image\/","url":"https:\/\/quimicoszootek.com\/wp-content\/uploads\/2025\/01\/cropped-zootek-logo-blanco.png","contentUrl":"https:\/\/quimicoszootek.com\/wp-content\/uploads\/2025\/01\/cropped-zootek-logo-blanco.png","width":3992,"height":1073,"caption":"Zootek"},"image":{"@id":"https:\/\/quimicoszootek.com\/#\/schema\/logo\/image\/"}}]}},"_links":{"self":[{"href":"https:\/\/quimicoszootek.com\/index.php?rest_route=\/wp\/v2\/pages\/356","targetHints":{"allow":["GET"]}}],"collection":[{"href":"https:\/\/quimicoszootek.com\/index.php?rest_route=\/wp\/v2\/pages"}],"about":[{"href":"https:\/\/quimicoszootek.com\/index.php?rest_route=\/wp\/v2\/types\/page"}],"author":[{"embeddable":true,"href":"https:\/\/quimicoszootek.com\/index.php?rest_route=\/wp\/v2\/users\/1"}],"replies":[{"embeddable":true,"href":"https:\/\/quimicoszootek.com\/index.php?rest_route=%2Fwp%2Fv2%2Fcomments&post=356"}],"version-history":[{"count":22,"href":"https:\/\/quimicoszootek.com\/index.php?rest_route=\/wp\/v2\/pages\/356\/revisions"}],"predecessor-version":[{"id":909,"href":"https:\/\/quimicoszootek.com\/index.php?rest_route=\/wp\/v2\/pages\/356\/revisions\/909"}],"wp:attachment":[{"href":"https:\/\/quimicoszootek.com\/index.php?rest_route=%2Fwp%2Fv2%2Fmedia&parent=356"}],"curies":[{"name":"wp","href":"https:\/\/api.w.org\/{rel}","templated":true}]}}